{"id":497,"date":"2023-12-07T09:59:36","date_gmt":"2023-12-07T08:59:36","guid":{"rendered":"https:\/\/espacefrossard.fr\/?page_id=497"},"modified":"2023-12-07T10:27:03","modified_gmt":"2023-12-07T09:27:03","slug":"nos-partenaires","status":"publish","type":"page","link":"https:\/\/espacefrossard.fr\/?page_id=497","title":{"rendered":"Nos partenaires"},"content":{"rendered":"\n<div style=\"height:100px\" aria-hidden=\"true\" class=\"wp-block-spacer\"><\/div>\n\n\n\n<div class=\"wp-block-media-text has-media-on-the-right is-stacked-on-mobile\" style=\"grid-template-columns:auto 21%\"><div class=\"wp-block-media-text__content\">\n<h3 class=\"wp-block-heading\">Traverse<\/h3>\n\n\n\n<p><a href=\"https:\/\/traversiens.com\/\">Traverse<\/a> propose une programmation artistique contemporaine, pluridisciplinaire et nomade sur la Communaut\u00e9 de Communes de la Haute-Bigorre. En investissant l\u2019espace et le quotidien des habitants d\u2019une vall\u00e9e, l\u2019association propose une inscription sensible et po\u00e9tique dans le territoire en cr\u00e9ant avant tout des instants de convivialit\u00e9 et de rencontre. Ainsi nous proposons la d\u00e9centralisation des activit\u00e9s artistiques en offrant une alternative aux lieux de diffusions institutionnels ; notamment en investissant des espaces atypiques, de vall\u00e9es en vall\u00e9es : rues, granges, caf\u00e9s, gare, maisons, biblioth\u00e8que \u2026 Nos propositions et notre programmation sont politiques, non dans le sens traditionnel du terme, mais dans celui de la recherche d\u2019un rassemblement collectif.<\/p>\n<\/div><figure class=\"wp-block-media-text__media\"><img fetchpriority=\"high\" decoding=\"async\" width=\"326\" height=\"298\" src=\"http:\/\/espacefrossard.fr\/wp-content\/uploads\/2023\/12\/Traverse.jpg\" alt=\"\" class=\"wp-image-409 size-full\" srcset=\"https:\/\/espacefrossard.fr\/wp-content\/uploads\/2023\/12\/Traverse.jpg 326w, https:\/\/espacefrossard.fr\/wp-content\/uploads\/2023\/12\/Traverse-300x274.jpg 300w\" sizes=\"(max-width: 326px) 100vw, 326px\" \/><\/figure><\/div>\n\n\n\n<div class=\"wp-block-media-text is-stacked-on-mobile\" style=\"grid-template-columns:20% auto\"><figure class=\"wp-block-media-text__media\"><img decoding=\"async\" width=\"449\" height=\"567\" src=\"http:\/\/espacefrossard.fr\/wp-content\/uploads\/2023\/11\/Societe-Ramond_v3.png\" alt=\"\" class=\"wp-image-367 size-full\" srcset=\"https:\/\/espacefrossard.fr\/wp-content\/uploads\/2023\/11\/Societe-Ramond_v3.png 449w, https:\/\/espacefrossard.fr\/wp-content\/uploads\/2023\/11\/Societe-Ramond_v3-238x300.png 238w\" sizes=\"(max-width: 449px) 100vw, 449px\" \/><\/figure><div class=\"wp-block-media-text__content\">\n<h3 class=\"wp-block-heading\">Soci\u00e9t\u00e9 Ramond<\/h3>\n\n\n\n<p>La soci\u00e9t\u00e9 RAMOND est n\u00e9e en 1865 \u00e0 Bagn\u00e8res-de-Bigorre, station thermale pyr\u00e9n\u00e9enne fr\u00e9quent\u00e9e par une \u00e9lite cultiv\u00e9e, passionn\u00e9e de montagne comme ses fondateurs : \u00c9milien Frossard, Charles Packe et Henri Russell. Elle est \u00e0 l&#8217;origine de la cr\u00e9ation de <a href=\"http:\/\/www.societe-ramond.org\/observatoire.html\">l&#8217;Observatoire du Pic du Midi de Bigorre.<\/a><br>Se consacrant \u00e0 l&#8217;\u00e9tude scientifique et ethnographique des Pyr\u00e9n\u00e9es et \u00e0 la vulgarisation des connaissances acquises, elle a pris pour nom celui du c\u00e9l\u00e8bre pyr\u00e9n\u00e9iste <a href=\"http:\/\/www.societe-ramond.org\/ramond.html\">Ramond de Carbonni\u00e8res<\/a>.<\/p>\n<\/div><\/div>\n\n\n\n<div class=\"wp-block-media-text has-media-on-the-right is-stacked-on-mobile\" style=\"grid-template-columns:auto 24%\"><div class=\"wp-block-media-text__content\">\n<h3 class=\"wp-block-heading\">Binaros : le Salon du Livre Pyr\u00e9n\u00e9en<\/h3>\n\n\n\n<p>L\u2019association Binaros a \u00e9t\u00e9 constitu\u00e9e en septembre 2008 autour d\u2019un projet principal : la cr\u00e9ation du <a href=\"https:\/\/www.salondulivre-pyreneen.fr\/\" data-type=\"link\" data-id=\"https:\/\/www.salondulivre-pyreneen.fr\/\">Salon du Livre Pyr\u00e9n\u00e9en<\/a>. L\u2019association a pour but de promouvoir, d\u00e9fendre et diffuser les connaissances sur les patrimoines pyr\u00e9n\u00e9ens. Elle privil\u00e9gie la promotion et la diffusion de l\u02bc\u00e9dition, du livre, des \u0153uvres graphiques et des m\u00e9dias ayant des sujets en rapport avec les r\u00e9alit\u00e9s et les patrimoines pyr\u00e9n\u00e9ens.<\/p>\n<\/div><figure class=\"wp-block-media-text__media\"><img decoding=\"async\" width=\"279\" height=\"159\" src=\"http:\/\/espacefrossard.fr\/wp-content\/uploads\/2023\/11\/Binaros_2.jpg\" alt=\"\" class=\"wp-image-336 size-full\"\/><\/figure><\/div>\n\n\n\n<div class=\"wp-block-media-text is-stacked-on-mobile\" style=\"grid-template-columns:24% auto\"><figure class=\"wp-block-media-text__media\"><img loading=\"lazy\" decoding=\"async\" width=\"500\" height=\"207\" src=\"http:\/\/espacefrossard.fr\/wp-content\/uploads\/2023\/11\/Harmonie-bagneraise.jpg\" alt=\"\" class=\"wp-image-341 size-full\" srcset=\"https:\/\/espacefrossard.fr\/wp-content\/uploads\/2023\/11\/Harmonie-bagneraise.jpg 500w, https:\/\/espacefrossard.fr\/wp-content\/uploads\/2023\/11\/Harmonie-bagneraise-300x124.jpg 300w\" sizes=\"(max-width: 500px) 100vw, 500px\" \/><\/figure><div class=\"wp-block-media-text__content\">\n<h3 class=\"wp-block-heading\">Harmonie Bagn\u00e9raise<\/h3>\n\n\n\n<p>L\u2019<a href=\"https:\/\/www.harmoniebagneraise.fr\/\" data-type=\"link\" data-id=\"https:\/\/www.harmoniebagneraise.fr\/\">Harmonie Bagn\u00e9raise<\/a> est une association loi 1901, fortement subventionn\u00e9e par la ville de Bagn\u00e8res-de-Bigorre et le d\u00e9partement Hautes Pyr\u00e9n\u00e9es qui g\u00e8re un orchestre d\u2019harmonie et une \u00e9cole de musique. Il est possible de les suivre sur <a href=\"https:\/\/www.facebook.com\/profile.php?id=100079025443183\" data-type=\"link\" data-id=\"https:\/\/www.facebook.com\/profile.php?id=100079025443183\">Facebook<\/a>. <\/p>\n<\/div><\/div>\n\n\n\n<div class=\"wp-block-media-text has-media-on-the-right is-stacked-on-mobile\" style=\"grid-template-columns:auto 17%\"><div class=\"wp-block-media-text__content\">\n<h3 class=\"wp-block-heading\">Piano Pic<\/h3>\n\n\n\n<p><a href=\"https:\/\/www.piano-pic.fr\/\" data-type=\"link\" data-id=\"https:\/\/www.piano-pic.fr\/\">Piano Pic<\/a> est un grand \u00e9v\u00e9nement culturel pyr\u00e9n\u00e9en, ce festival-acad\u00e9mie, implant\u00e9 \u00e0 Bagn\u00e8res-de-Bigorre et dans la vall\u00e9e du Haut Adour et la vall\u00e9e des Gaves, qui propose un magnifique programme autour du piano.<\/p>\n<\/div><figure class=\"wp-block-media-text__media\"><img loading=\"lazy\" decoding=\"async\" width=\"170\" height=\"156\" src=\"http:\/\/espacefrossard.fr\/wp-content\/uploads\/2023\/11\/Piano-Pic.jpg\" alt=\"\" class=\"wp-image-346 size-full\"\/><\/figure><\/div>\n\n\n\n<div class=\"wp-block-media-text is-stacked-on-mobile\" style=\"grid-template-columns:35% auto\"><figure class=\"wp-block-media-text__media\"><img decoding=\"async\" src=\"http:\/\/espacefrossard.fr\/wp-content\/uploads\/2023\/11\/Hipotengo.jpg\" alt=\"\" class=\"wp-image-353 size-full\"\/><\/figure><div class=\"wp-block-media-text__content\">\n<h3 class=\"wp-block-heading\">Hipotengo<\/h3>\n\n\n\n<p>La philosophie de la <a href=\"https:\/\/www.cie-hipotengo.com\/\" data-type=\"link\" data-id=\"https:\/\/www.cie-hipotengo.com\/\">compagnie Hipotengo<\/a> est de mettre le corps en sc\u00e8ne, au service du jeu dramatique, par la th\u00e9\u00e2tralit\u00e9 du mouvement, du mime, de la danse, de l\u2019expression corporelle. Privil\u00e9gier un th\u00e9\u00e2tre pour un public tr\u00e8s vaste, de tous les \u00e2ges, de toutes les classes sociales. Participer \u00e0 la vie culturelle de notre ville Bagn\u00e8res-de-Bigorre.<\/p>\n<\/div><\/div>\n\n\n\n<div class=\"wp-block-media-text has-media-on-the-right is-stacked-on-mobile\" style=\"grid-template-columns:auto 18%\"><div class=\"wp-block-media-text__content\">\n<h3 class=\"wp-block-heading\">Mus\u00e9e Jeanne d&#8217;Albret<\/h3>\n\n\n\n<p>Le <a href=\"https:\/\/www.museejeannedalbret.com\/fr\/\" data-type=\"link\" data-id=\"https:\/\/www.museejeannedalbret.com\/fr\/\">mus\u00e9e Jeanne-d&#8217;Albret<\/a> est un mus\u00e9e consacr\u00e9 \u00e0 l&#8217;histoire du protestantisme b\u00e9arnais situ\u00e9 \u00e0 Orthez. Il est install\u00e9 dans les murs d&#8217;une ancienne demeure de la m\u00e8re d&#8217;Henri IV, Jeanne d&#8217;Albret, datant du XVI\u1d49 si\u00e8cle. Des expositions con\u00e7ues par le mus\u00e9e sont r\u00e9guli\u00e8rement pr\u00e9sent\u00e9e au temple de Bagn\u00e8res-de-Bigorre.<\/p>\n<\/div><figure class=\"wp-block-media-text__media\"><img loading=\"lazy\" decoding=\"async\" width=\"451\" height=\"451\" src=\"http:\/\/espacefrossard.fr\/wp-content\/uploads\/2023\/11\/Musee-Jeanne-dAlbret.png\" alt=\"\" class=\"wp-image-358 size-full\" srcset=\"https:\/\/espacefrossard.fr\/wp-content\/uploads\/2023\/11\/Musee-Jeanne-dAlbret.png 451w, https:\/\/espacefrossard.fr\/wp-content\/uploads\/2023\/11\/Musee-Jeanne-dAlbret-300x300.png 300w, https:\/\/espacefrossard.fr\/wp-content\/uploads\/2023\/11\/Musee-Jeanne-dAlbret-150x150.png 150w\" sizes=\"(max-width: 451px) 100vw, 451px\" \/><\/figure><\/div>\n\n\n\n<div class=\"wp-block-media-text is-stacked-on-mobile\" style=\"grid-template-columns:23% auto\"><figure class=\"wp-block-media-text__media\"><img loading=\"lazy\" decoding=\"async\" width=\"341\" height=\"211\" src=\"http:\/\/espacefrossard.fr\/wp-content\/uploads\/2023\/11\/H3PA.jpg\" alt=\"\" class=\"wp-image-356 size-full\" srcset=\"https:\/\/espacefrossard.fr\/wp-content\/uploads\/2023\/11\/H3PA.jpg 341w, https:\/\/espacefrossard.fr\/wp-content\/uploads\/2023\/11\/H3PA-300x186.jpg 300w\" sizes=\"(max-width: 341px) 100vw, 341px\" \/><\/figure><div class=\"wp-block-media-text__content\">\n<h3 class=\"wp-block-heading\">Histoire et Patrimoine Protestants des Pays de l&#8217;Adour<\/h3>\n\n\n\n<p><small>L&#8217;<a href=\"http:\/\/www.cepb.eu\/\" data-type=\"link\" data-id=\"http:\/\/www.cepb.eu\/\">association<\/a> d&#8217;Histoire et patrimoine protestants des Pays de l&#8217;Adour a pour vocation de d\u00e9couvrir et d\u2019\u00e9tudier l&#8217;histoire et le patrimoine du protestantisme en B\u00e9arn et dans les Pays de l\u2019Adour du XVIe si\u00e8cle \u00e0 nos jours. Elle a \u00e9t\u00e9 cr\u00e9\u00e9e en 1987 et s&#8217;appelait le Centre d\u2019\u00c9tude et de Protestantisme B\u00e9arnais. Elle publie un bulletin annuel.<\/small> <\/p>\n<\/div><\/div>\n\n\n\n<div class=\"wp-block-media-text has-media-on-the-right is-stacked-on-mobile\" style=\"grid-template-columns:auto 21%\"><div class=\"wp-block-media-text__content\">\n<h3 class=\"wp-block-heading\">Aum\u00f4nerie militaire protestante<\/h3>\n\n\n\n<p>Le saviez-vous? C&#8217;est un r\u00e9sidant de Bagn\u00e8res-de-Bigorre qui donna naissance \u00e0 l&#8217;aum\u00f4nerie militaire protestante le 9 d\u00e9cembre 1854. Il s&#8217;agit du pasteur \u00c9milien Frossard qui fut d\u00e9sign\u00e9 comme pr\u00e9sident de la conf\u00e9rence des aum\u00f4niers. Durant la guerre de Crim\u00e9e entre 1854 et 1856, dix aum\u00f4niers protestants se sont succ\u00e9d\u00e9. En 2024, nous comm\u00e9morerons le 170\u00e8me anniversaire de la naissance de l&#8217;aum\u00f4nerie protestante au sein des arm\u00e9es fran\u00e7aises. <\/p>\n<\/div><figure class=\"wp-block-media-text__media\"><img loading=\"lazy\" decoding=\"async\" width=\"1019\" height=\"1024\" src=\"http:\/\/espacefrossard.fr\/wp-content\/uploads\/2023\/11\/Association-de-Soutien-de-lAumonerie-Protestante-aux-Armees-1019x1024.jpg\" alt=\"\" class=\"wp-image-355 size-full\" srcset=\"https:\/\/espacefrossard.fr\/wp-content\/uploads\/2023\/11\/Association-de-Soutien-de-lAumonerie-Protestante-aux-Armees-1019x1024.jpg 1019w, https:\/\/espacefrossard.fr\/wp-content\/uploads\/2023\/11\/Association-de-Soutien-de-lAumonerie-Protestante-aux-Armees-300x300.jpg 300w, https:\/\/espacefrossard.fr\/wp-content\/uploads\/2023\/11\/Association-de-Soutien-de-lAumonerie-Protestante-aux-Armees-150x150.jpg 150w, https:\/\/espacefrossard.fr\/wp-content\/uploads\/2023\/11\/Association-de-Soutien-de-lAumonerie-Protestante-aux-Armees-768x772.jpg 768w, https:\/\/espacefrossard.fr\/wp-content\/uploads\/2023\/11\/Association-de-Soutien-de-lAumonerie-Protestante-aux-Armees-1528x1536.jpg 1528w, https:\/\/espacefrossard.fr\/wp-content\/uploads\/2023\/11\/Association-de-Soutien-de-lAumonerie-Protestante-aux-Armees.jpg 1804w\" sizes=\"(max-width: 1019px) 100vw, 1019px\" \/><\/figure><\/div>\n\n\n\n<div class=\"wp-block-media-text is-stacked-on-mobile\" style=\"grid-template-columns:15% auto\"><figure class=\"wp-block-media-text__media\"><img loading=\"lazy\" decoding=\"async\" width=\"180\" height=\"290\" src=\"http:\/\/espacefrossard.fr\/wp-content\/uploads\/2023\/11\/logo-fondation-protestantisme@2x.png\" alt=\"\" class=\"wp-image-76 size-full\"\/><\/figure><div class=\"wp-block-media-text__content\">\n<h3 class=\"wp-block-heading\">La Fondation du Protestantisme<\/h3>\n\n\n\n<p>La <a href=\"https:\/\/www.fondationduprotestantisme.org\/\" data-type=\"link\" data-id=\"https:\/\/www.fondationduprotestantisme.org\/\">Fonda<\/a><a href=\"https:\/\/www.fondationduprotestantisme.org\/\" data-type=\"link\" data-id=\"https:\/\/www.fondationduprotestantisme.org\/\" target=\"_blank\" rel=\"noreferrer noopener\">tion du protestantisme<\/a> est une \u0153uvre sociale, reconnue d&#8217;utilit\u00e9 publique, issue de la volont\u00e9 des \u00c9glises protestantes de France de se doter d&#8217;un outil qui leur permette de mieux g\u00e9rer leur patrimoine ainsi que les organisations et les \u0153uvres auxquelles elles apportent leur soutien, sous une forme moderne et dans le respect des valeurs du protestantisme.<\/p>\n\n\n\n<p>Elle a \u00e9t\u00e9 reconnue d&#8217;utilit\u00e9 publique par un d\u00e9cret du 31 juillet 2001.<\/p>\n<\/div><\/div>\n\n\n\n<div class=\"wp-block-media-text has-media-on-the-right is-stacked-on-mobile\" style=\"grid-template-columns:auto 24%\"><div class=\"wp-block-media-text__content\">\n<h3 class=\"wp-block-heading\">Le Fonds pour le D\u00e9veloppement de la Vie Associative<\/h3>\n\n\n\n<p>Le <strong>Fonds pour le d\u00e9veloppement de la vie associative (FDVA)<\/strong> est un dispositif financier de l\u2019\u00c9tat de soutien au d\u00e9veloppement de la vie associative avec des priorit\u00e9s de financement. Le FDVA soutient donc, depuis 2018 : les associations pour leur fonctionnement et leurs projets innovants, et la formation de leurs b\u00e9n\u00e9voles.<\/p>\n<\/div><figure class=\"wp-block-media-text__media\"><img decoding=\"async\" src=\"http:\/\/espacefrossard.fr\/wp-content\/uploads\/2023\/11\/FDVA_L8.png\" alt=\"\" class=\"wp-image-371 size-full\"\/><\/figure><\/div>\n","protected":false},"excerpt":{"rendered":"<p>Traverse Traverse propose une programmation artistique contemporaine, pluridisciplinaire et nomade sur la Communaut\u00e9 de Communes de la Haute-Bigorre. En investissant l\u2019espace et le quotidien des habitants d\u2019une vall\u00e9e, l\u2019association propose [&hellip;]<\/p>\n","protected":false},"author":1,"featured_media":0,"parent":0,"menu_order":0,"comment_status":"closed","ping_status":"closed","template":"","meta":{"site-sidebar-layout":"default","site-content-layout":"","ast-site-content-layout":"default","site-content-style":"default","site-sidebar-style":"default","ast-global-header-display":"","ast-banner-title-visibility":"","ast-main-header-display":"","ast-hfb-above-header-display":"","ast-hfb-below-header-display":"","ast-hfb-mobile-header-display":"","site-post-title":"","ast-breadcrumbs-content":"","ast-featured-img":"","footer-sml-layout":"","ast-disable-related-posts":"","theme-transparent-header-meta":"","adv-header-id-meta":"","stick-header-meta":"","header-above-stick-meta":"","header-main-stick-meta":"","header-below-stick-meta":"","astra-migrate-meta-layouts":"default","ast-page-background-enabled":"default","ast-page-background-meta":{"desktop":{"background-color":"var(--ast-global-color-4)","background-image":"","background-repeat":"repeat","background-position":"center center","background-size":"auto","background-attachment":"scroll","background-type":"","background-media":"","overlay-type":"","overlay-color":"","overlay-opacity":"","overlay-gradient":""},"tablet":{"background-color":"","background-image":"","background-repeat":"repeat","background-position":"center center","background-size":"auto","background-attachment":"scroll","background-type":"","background-media":"","overlay-type":"","overlay-color":"","overlay-opacity":"","overlay-gradient":""},"mobile":{"background-color":"","background-image":"","background-repeat":"repeat","background-position":"center center","background-size":"auto","background-attachment":"scroll","background-type":"","background-media":"","overlay-type":"","overlay-color":"","overlay-opacity":"","overlay-gradient":""}},"ast-content-background-meta":{"desktop":{"background-color":"var(--ast-global-color-5)","background-image":"","background-repeat":"repeat","background-position":"center center","background-size":"auto","background-attachment":"scroll","background-type":"","background-media":"","overlay-type":"","overlay-color":"","overlay-opacity":"","overlay-gradient":""},"tablet":{"background-color":"var(--ast-global-color-5)","background-image":"","background-repeat":"repeat","background-position":"center center","background-size":"auto","background-attachment":"scroll","background-type":"","background-media":"","overlay-type":"","overlay-color":"","overlay-opacity":"","overlay-gradient":""},"mobile":{"background-color":"var(--ast-global-color-5)","background-image":"","background-repeat":"repeat","background-position":"center center","background-size":"auto","background-attachment":"scroll","background-type":"","background-media":"","overlay-type":"","overlay-color":"","overlay-opacity":"","overlay-gradient":""}},"footnotes":""},"class_list":["post-497","page","type-page","status-publish","hentry"],"_links":{"self":[{"href":"https:\/\/espacefrossard.fr\/index.php?rest_route=\/wp\/v2\/pages\/497","targetHints":{"allow":["GET"]}}],"collection":[{"href":"https:\/\/espacefrossard.fr\/index.php?rest_route=\/wp\/v2\/pages"}],"about":[{"href":"https:\/\/espacefrossard.fr\/index.php?rest_route=\/wp\/v2\/types\/page"}],"author":[{"embeddable":true,"href":"https:\/\/espacefrossard.fr\/index.php?rest_route=\/wp\/v2\/users\/1"}],"replies":[{"embeddable":true,"href":"https:\/\/espacefrossard.fr\/index.php?rest_route=%2Fwp%2Fv2%2Fcomments&post=497"}],"version-history":[{"count":3,"href":"https:\/\/espacefrossard.fr\/index.php?rest_route=\/wp\/v2\/pages\/497\/revisions"}],"predecessor-version":[{"id":514,"href":"https:\/\/espacefrossard.fr\/index.php?rest_route=\/wp\/v2\/pages\/497\/revisions\/514"}],"wp:attachment":[{"href":"https:\/\/espacefrossard.fr\/index.php?rest_route=%2Fwp%2Fv2%2Fmedia&parent=497"}],"curies":[{"name":"wp","href":"https:\/\/api.w.org\/{rel}","templated":true}]}}