{"id":398,"date":"2023-12-01T15:19:13","date_gmt":"2023-12-01T14:19:13","guid":{"rendered":"https:\/\/espacefrossard.fr\/?page_id=398"},"modified":"2024-07-22T19:03:21","modified_gmt":"2024-07-22T17:03:21","slug":"contact","status":"publish","type":"page","link":"https:\/\/espacefrossard.fr\/?page_id=398","title":{"rendered":"Contact"},"content":{"rendered":"\t\t<div data-elementor-type=\"wp-page\" data-elementor-id=\"398\" class=\"elementor elementor-398\">\n\t\t\t\t<div class=\"elementor-element elementor-element-f77a63b e-flex e-con-boxed e-con e-parent\" data-id=\"f77a63b\" data-element_type=\"container\" data-e-type=\"container\">\n\t\t\t\t\t<div class=\"e-con-inner\">\n\t\t\t\t<div class=\"elementor-element elementor-element-8862185 elementor-widget elementor-widget-spacer\" data-id=\"8862185\" data-element_type=\"widget\" data-e-type=\"widget\" data-widget_type=\"spacer.default\">\n\t\t\t\t<div class=\"elementor-widget-container\">\n\t\t\t\t\t\t\t<div class=\"elementor-spacer\">\n\t\t\t<div class=\"elementor-spacer-inner\"><\/div>\n\t\t<\/div>\n\t\t\t\t\t\t<\/div>\n\t\t\t\t<\/div>\n\t\t\t\t<div class=\"elementor-element elementor-element-df1bd81 elementor-widget elementor-widget-heading\" data-id=\"df1bd81\" data-element_type=\"widget\" data-e-type=\"widget\" data-widget_type=\"heading.default\">\n\t\t\t\t<div class=\"elementor-widget-container\">\n\t\t\t\t\t<h2 class=\"elementor-heading-title elementor-size-default\">Nous contacter<\/h2>\t\t\t\t<\/div>\n\t\t\t\t<\/div>\n\t\t\t\t<div class=\"elementor-element elementor-element-6ac11ab elementor-widget elementor-widget-image\" data-id=\"6ac11ab\" data-element_type=\"widget\" data-e-type=\"widget\" data-widget_type=\"image.default\">\n\t\t\t\t<div class=\"elementor-widget-container\">\n\t\t\t\t\t\t\t\t\t\t\t\t\t\t\t<img fetchpriority=\"high\" decoding=\"async\" width=\"768\" height=\"577\" src=\"https:\/\/espacefrossard.fr\/wp-content\/uploads\/2023\/09\/1687710627253-768x577.jpg\" class=\"attachment-medium_large size-medium_large wp-image-23\" alt=\"\" srcset=\"https:\/\/espacefrossard.fr\/wp-content\/uploads\/2023\/09\/1687710627253-768x577.jpg 768w, https:\/\/espacefrossard.fr\/wp-content\/uploads\/2023\/09\/1687710627253-300x225.jpg 300w, https:\/\/espacefrossard.fr\/wp-content\/uploads\/2023\/09\/1687710627253-1024x769.jpg 1024w, https:\/\/espacefrossard.fr\/wp-content\/uploads\/2023\/09\/1687710627253-1536x1153.jpg 1536w, https:\/\/espacefrossard.fr\/wp-content\/uploads\/2023\/09\/1687710627253-2048x1538.jpg 2048w\" sizes=\"(max-width: 768px) 100vw, 768px\" \/>\t\t\t\t\t\t\t\t\t\t\t\t\t\t\t<\/div>\n\t\t\t\t<\/div>\n\t\t\t\t\t<\/div>\n\t\t\t\t<\/div>\n\t\t<div class=\"elementor-element elementor-element-eb47009 e-flex e-con-boxed e-con e-parent\" data-id=\"eb47009\" data-element_type=\"container\" data-e-type=\"container\">\n\t\t\t\t\t<div class=\"e-con-inner\">\n\t\t\t\t<div class=\"elementor-element elementor-element-83bc1b5 elementor-widget elementor-widget-text-editor\" data-id=\"83bc1b5\" data-element_type=\"widget\" data-e-type=\"widget\" data-widget_type=\"text-editor.default\">\n\t\t\t\t<div class=\"elementor-widget-container\">\n\t\t\t\t\t\t\t\t\t<p><\/p>\n<p class=\"has-text-align-center\">Vous pouvez nous joindre pour r\u00e9server le temple pour une exposition, une conf\u00e9rence, un spectacle, un concert.<\/p>\n<p><\/p>\n<p class=\"has-text-align-center\">Vous pouvez-nous joindre aussi pour contribuer \u00e0 la restauration du b\u00e2timent dans le cadre de la valorisation du patrimoine thermal.<\/p>\n<p><\/p>\n<p class=\"has-text-align-center\"><strong>Mail:<\/strong> <a href=\"mailto:contac@espacefrossard.fr\">contac@espacefrossard.fr<\/a><\/p>\n<p><\/p>\n<p class=\"has-text-align-center\"><strong>T\u00e9l\u00e9phone:<\/strong> 06 33 54 36 32<\/p>\n<p><\/p>\t\t\t\t\t\t\t\t<\/div>\n\t\t\t\t<\/div>\n\t\t\t\t\t<\/div>\n\t\t\t\t<\/div>\n\t\t<div class=\"elementor-element elementor-element-8c3fe1c e-flex e-con-boxed e-con e-parent\" data-id=\"8c3fe1c\" data-element_type=\"container\" data-e-type=\"container\">\n\t\t\t\t\t<div class=\"e-con-inner\">\n\t\t\t\t<div class=\"elementor-element elementor-element-30c4eba elementor-widget elementor-widget-heading\" data-id=\"30c4eba\" data-element_type=\"widget\" data-e-type=\"widget\" data-widget_type=\"heading.default\">\n\t\t\t\t<div class=\"elementor-widget-container\">\n\t\t\t\t\t<h2 class=\"elementor-heading-title elementor-size-default\">O\u00f9 nous trouver ?<\/h2>\t\t\t\t<\/div>\n\t\t\t\t<\/div>\n\t\t\t\t\t<\/div>\n\t\t\t\t<\/div>\n\t\t<div class=\"elementor-element elementor-element-a1f2d65 e-flex e-con-boxed e-con e-parent\" data-id=\"a1f2d65\" data-element_type=\"container\" data-e-type=\"container\">\n\t\t\t\t\t<div class=\"e-con-inner\">\n\t\t\t\t<div class=\"elementor-element elementor-element-d871371 elementor-widget elementor-widget-image\" data-id=\"d871371\" data-element_type=\"widget\" data-e-type=\"widget\" data-widget_type=\"image.default\">\n\t\t\t\t<div class=\"elementor-widget-container\">\n\t\t\t\t\t\t\t\t\t\t\t\t\t\t\t<img decoding=\"async\" width=\"731\" height=\"636\" src=\"https:\/\/espacefrossard.fr\/wp-content\/uploads\/2023\/12\/Plan-Espace-Frossard.jpg\" class=\"attachment-medium_large size-medium_large wp-image-403\" alt=\"\" srcset=\"https:\/\/espacefrossard.fr\/wp-content\/uploads\/2023\/12\/Plan-Espace-Frossard.jpg 731w, https:\/\/espacefrossard.fr\/wp-content\/uploads\/2023\/12\/Plan-Espace-Frossard-300x261.jpg 300w\" sizes=\"(max-width: 731px) 100vw, 731px\" \/>\t\t\t\t\t\t\t\t\t\t\t\t\t\t\t<\/div>\n\t\t\t\t<\/div>\n\t\t\t\t\t<\/div>\n\t\t\t\t<\/div>\n\t\t<div class=\"elementor-element elementor-element-45f347b e-flex e-con-boxed e-con e-parent\" data-id=\"45f347b\" data-element_type=\"container\" data-e-type=\"container\">\n\t\t\t\t\t<div class=\"e-con-inner\">\n\t\t\t\t\t<\/div>\n\t\t\t\t<\/div>\n\t\t\t\t<\/div>\n\t\t","protected":false},"excerpt":{"rendered":"<p>Nous contacter Vous pouvez nous joindre pour r\u00e9server le temple pour une exposition, une conf\u00e9rence, un spectacle, un concert. Vous pouvez-nous joindre aussi pour contribuer \u00e0 la restauration du b\u00e2timent [&hellip;]<\/p>\n","protected":false},"author":1,"featured_media":0,"parent":0,"menu_order":0,"comment_status":"closed","ping_status":"closed","template":"","meta":{"site-sidebar-layout":"no-sidebar","site-content-layout":"","ast-site-content-layout":"full-width-container","site-content-style":"default","site-sidebar-style":"default","ast-global-header-display":"","ast-banner-title-visibility":"","ast-main-header-display":"","ast-hfb-above-header-display":"","ast-hfb-below-header-display":"","ast-hfb-mobile-header-display":"","site-post-title":"disabled","ast-breadcrumbs-content":"","ast-featured-img":"disabled","footer-sml-layout":"","ast-disable-related-posts":"","theme-transparent-header-meta":"","adv-header-id-meta":"","stick-header-meta":"","header-above-stick-meta":"","header-main-stick-meta":"","header-below-stick-meta":"","astra-migrate-meta-layouts":"default","ast-page-background-enabled":"default","ast-page-background-meta":{"desktop":{"background-color":"var(--ast-global-color-4)","background-image":"","background-repeat":"repeat","background-position":"center center","background-size":"auto","background-attachment":"scroll","background-type":"","background-media":"","overlay-type":"","overlay-color":"","overlay-opacity":"","overlay-gradient":""},"tablet":{"background-color":"","background-image":"","background-repeat":"repeat","background-position":"center center","background-size":"auto","background-attachment":"scroll","background-type":"","background-media":"","overlay-type":"","overlay-color":"","overlay-opacity":"","overlay-gradient":""},"mobile":{"background-color":"","background-image":"","background-repeat":"repeat","background-position":"center center","background-size":"auto","background-attachment":"scroll","background-type":"","background-media":"","overlay-type":"","overlay-color":"","overlay-opacity":"","overlay-gradient":""}},"ast-content-background-meta":{"desktop":{"background-color":"var(--ast-global-color-5)","background-image":"","background-repeat":"repeat","background-position":"center center","background-size":"auto","background-attachment":"scroll","background-type":"","background-media":"","overlay-type":"","overlay-color":"","overlay-opacity":"","overlay-gradient":""},"tablet":{"background-color":"var(--ast-global-color-5)","background-image":"","background-repeat":"repeat","background-position":"center center","background-size":"auto","background-attachment":"scroll","background-type":"","background-media":"","overlay-type":"","overlay-color":"","overlay-opacity":"","overlay-gradient":""},"mobile":{"background-color":"var(--ast-global-color-5)","background-image":"","background-repeat":"repeat","background-position":"center center","background-size":"auto","background-attachment":"scroll","background-type":"","background-media":"","overlay-type":"","overlay-color":"","overlay-opacity":"","overlay-gradient":""}},"footnotes":""},"class_list":["post-398","page","type-page","status-publish","hentry"],"_links":{"self":[{"href":"https:\/\/espacefrossard.fr\/index.php?rest_route=\/wp\/v2\/pages\/398","targetHints":{"allow":["GET"]}}],"collection":[{"href":"https:\/\/espacefrossard.fr\/index.php?rest_route=\/wp\/v2\/pages"}],"about":[{"href":"https:\/\/espacefrossard.fr\/index.php?rest_route=\/wp\/v2\/types\/page"}],"author":[{"embeddable":true,"href":"https:\/\/espacefrossard.fr\/index.php?rest_route=\/wp\/v2\/users\/1"}],"replies":[{"embeddable":true,"href":"https:\/\/espacefrossard.fr\/index.php?rest_route=%2Fwp%2Fv2%2Fcomments&post=398"}],"version-history":[{"count":13,"href":"https:\/\/espacefrossard.fr\/index.php?rest_route=\/wp\/v2\/pages\/398\/revisions"}],"predecessor-version":[{"id":835,"href":"https:\/\/espacefrossard.fr\/index.php?rest_route=\/wp\/v2\/pages\/398\/revisions\/835"}],"wp:attachment":[{"href":"https:\/\/espacefrossard.fr\/index.php?rest_route=%2Fwp%2Fv2%2Fmedia&parent=398"}],"curies":[{"name":"wp","href":"https:\/\/api.w.org\/{rel}","templated":true}]}}