{"id":227,"date":"2023-11-21T15:43:32","date_gmt":"2023-11-21T14:43:32","guid":{"rendered":"https:\/\/espacefrossard.fr\/?page_id=227"},"modified":"2025-07-15T10:12:22","modified_gmt":"2025-07-15T08:12:22","slug":"agenda-culturel","status":"publish","type":"page","link":"https:\/\/espacefrossard.fr\/?page_id=227","title":{"rendered":"Agenda culturel"},"content":{"rendered":"\n<div style=\"height:100px\" aria-hidden=\"true\" class=\"wp-block-spacer\"><\/div>\n\n\n\n<h2 class=\"wp-block-heading has-text-align-center\">\u00c9v\u00e9nements \u00e0 venir<\/h2>\n\n\n\n<p class=\"has-text-align-center\">Des associations, des artistes et des conf\u00e9renciers utilisent le temple pour pr\u00e9senter leur production. <\/p>\n\n\n\n<p class=\"has-text-align-center\">Un programme vari\u00e9 vous est propos\u00e9 pour la saison 2025.<\/p>\n\n\n\n<div class=\"wp-block-buttons is-content-justification-center is-layout-flex wp-container-core-buttons-is-layout-a89b3969 wp-block-buttons-is-layout-flex\">\n<div class=\"wp-block-button\"><a class=\"wp-block-button__link wp-element-button\" href=\"https:\/\/espacefrossard.fr\/?page_id=497\">Partenaires<\/a><\/div>\n<\/div>\n\n\n\n<p class=\"has-text-align-center\">Vous trouverez dans l&#8217;article partenaire une pr\u00e9sentation diff\u00e9rents utilisateurs.<\/p>\n\n\n\n<div class=\"wp-block-buttons is-content-justification-center is-layout-flex wp-container-core-buttons-is-layout-a89b3969 wp-block-buttons-is-layout-flex\">\n<div class=\"wp-block-button\"><a class=\"wp-block-button__link wp-element-button\" href=\"https:\/\/espacefrossard.fr\/wp-content\/uploads\/2025\/06\/Agenda-culturel-ATPBB-2025_v7_compressed.pdf\">T\u00e9l\u00e9charger le programme de la saison \u00e9t\u00e9 2025<\/a><\/div>\n<\/div>\n\n\n\n<ol class=\"wp-block-list\"><\/ol>\n\n\n\n<h2 class=\"wp-block-heading has-text-align-center\"><strong>Les Pyr\u00e9n\u00e9es sans Briet, 100 ann\u00e9es de transformations du paysage<\/strong><\/h2>\n\n\n\n<h3 class=\"wp-block-heading has-text-align-center\">Organis\u00e9e par la Soci\u00e9t\u00e9 Ramond et Binaros<\/h3>\n\n\n\n<h2 class=\"wp-block-heading has-text-align-center\"><strong>3 au 23 Juillet 2025, Espace \u00c9milien Frossard,<\/strong><\/h2>\n\n\n\n<figure class=\"wp-block-image aligncenter size-full\"><img fetchpriority=\"high\" decoding=\"async\" width=\"330\" height=\"329\" src=\"https:\/\/espacefrossard.fr\/wp-content\/uploads\/2025\/06\/Lucien_briet1.jpg\" alt=\"\" class=\"wp-image-1044\" srcset=\"https:\/\/espacefrossard.fr\/wp-content\/uploads\/2025\/06\/Lucien_briet1.jpg 330w, https:\/\/espacefrossard.fr\/wp-content\/uploads\/2025\/06\/Lucien_briet1-300x300.jpg 300w, https:\/\/espacefrossard.fr\/wp-content\/uploads\/2025\/06\/Lucien_briet1-150x150.jpg 150w\" sizes=\"(max-width: 330px) 100vw, 330px\" \/><\/figure>\n\n\n\n<p class=\"has-text-align-left has-large-font-size\">Une exposition <em><strong>Lucien Briet voyageur, photographe<\/strong><\/em> r\u00e9alis\u00e9e par l\u2019association \u00ab&nbsp;Montagnes, Cultures, Avenir&nbsp;\u00bb pr\u00e9sentera le photographe.<\/p>\n\n\n\n<hr class=\"wp-block-separator has-alpha-channel-opacity\"\/>\n\n\n\n<figure class=\"wp-block-image aligncenter size-large is-resized\"><img decoding=\"async\" width=\"1024\" height=\"576\" src=\"https:\/\/espacefrossard.fr\/wp-content\/uploads\/2025\/07\/Briet_1-1024x576.jpg\" alt=\"\" class=\"wp-image-1066\" style=\"width:1199px;height:auto\" srcset=\"https:\/\/espacefrossard.fr\/wp-content\/uploads\/2025\/07\/Briet_1-1024x576.jpg 1024w, https:\/\/espacefrossard.fr\/wp-content\/uploads\/2025\/07\/Briet_1-300x169.jpg 300w, https:\/\/espacefrossard.fr\/wp-content\/uploads\/2025\/07\/Briet_1-768x432.jpg 768w, https:\/\/espacefrossard.fr\/wp-content\/uploads\/2025\/07\/Briet_1-1536x864.jpg 1536w, https:\/\/espacefrossard.fr\/wp-content\/uploads\/2025\/07\/Briet_1-1320x743.jpg 1320w, https:\/\/espacefrossard.fr\/wp-content\/uploads\/2025\/07\/Briet_1.jpg 1600w\" sizes=\"(max-width: 1024px) 100vw, 1024px\" \/><\/figure>\n\n\n\n<p class=\"has-text-align-left has-large-font-size\">Il s\u2019agit de la pr\u00e9sentation de 21 photographies de Lucien Briet en grand format et des photographies actuelles des m\u00eames lieux par \u00c1nchel Belmonte Ribas, coordinateur scientifique du <em>Geoparque Sobrarbe-Pirineos<\/em>. La comparaison des images permet d\u2019appr\u00e9cier les changements survenus suite aux processus climatiques, g\u00e9ologiques ou humains.<\/p>\n\n\n\n<p>Cette exposition a \u00e9t\u00e9 r\u00e9alis\u00e9e par le <em>Geoparque Mundial UNESCO Sobrarbe-Pirineos<\/em> et financ\u00e9e par la <em>Diputac\u00ed\u00f3n Provincial de Huesca<\/em> et la <em>Comarca de Sobrarbe<\/em>, avec la collaboration du Mus\u00e9e de Lourdes qui conserve les archives photographiques de Lucien Briet.<\/p>\n\n\n\n<p>Sera aussi pr\u00e9sent\u00e9 le livre <em>El Pirineo Sin Briet<\/em> de \u00c1nchel Belmonte Ribas et Lise Laporte et d\u2019autres livres sur Lucien Briet.<\/p>\n\n\n\n<hr class=\"wp-block-separator has-alpha-channel-opacity\"\/>\n\n\n\n<h2 class=\"wp-block-heading has-text-align-center\"><strong>Conf\u00e9rence de Bertrand Gibert <\/strong><\/h2>\n\n\n\n<p class=\"has-text-align-center has-large-font-size\"><strong>organis\u00e9e par la Soci\u00e9t\u00e9 Ramond<\/strong><\/p>\n\n\n\n<p class=\"has-text-align-center has-large-font-size\"><strong>\u00ab&nbsp;\u00c9milien Frossard, pasteur de Bagn\u00e8res et ap\u00f4tre des Pyr\u00e9n\u00e9es&nbsp;\u00bb<\/strong><\/p>\n\n\n\n<p class=\"has-text-align-center has-large-font-size\"><strong>le jeudi 17 juillet \u00e0 17 h<\/strong><\/p>\n\n\n\n<figure class=\"wp-block-image aligncenter size-full\"><img decoding=\"async\" width=\"800\" height=\"800\" src=\"https:\/\/espacefrossard.fr\/wp-content\/uploads\/2024\/10\/emilien-frossard-aux-sources-du-pyreneisme.jpg\" alt=\"\" class=\"wp-image-1046\" srcset=\"https:\/\/espacefrossard.fr\/wp-content\/uploads\/2024\/10\/emilien-frossard-aux-sources-du-pyreneisme.jpg 800w, https:\/\/espacefrossard.fr\/wp-content\/uploads\/2024\/10\/emilien-frossard-aux-sources-du-pyreneisme-300x300.jpg 300w, https:\/\/espacefrossard.fr\/wp-content\/uploads\/2024\/10\/emilien-frossard-aux-sources-du-pyreneisme-150x150.jpg 150w, https:\/\/espacefrossard.fr\/wp-content\/uploads\/2024\/10\/emilien-frossard-aux-sources-du-pyreneisme-768x768.jpg 768w\" sizes=\"(max-width: 800px) 100vw, 800px\" \/><\/figure>\n\n\n\n<div style=\"height:100px\" aria-hidden=\"true\" class=\"wp-block-spacer\"><\/div>\n\n\n\n<h2 class=\"wp-block-heading has-text-align-center\">JOURN\u00c9ES EUROP\u00c9ENNES DU PATRIMOINE<\/h2>\n\n\n\n<h2 class=\"wp-block-heading has-text-align-center\">du 19 au 21 septembre 2025<\/h2>\n\n\n\n<p><strong><em>Le programme est en cours d\u2019\u00e9laboration.<\/em><\/strong><\/p>\n\n\n\n<p><strong>Pour sa 42e \u00e9dition, les Journ\u00e9es europ\u00e9ennes du patrimoine seront organis\u00e9es les vendredi 19, samedi 20 et dimanche 21 septembre 2025 et auront pour th\u00e8mes \u00ab Patrimoine architectural \u00bb.<\/strong><\/p>\n","protected":false},"excerpt":{"rendered":"<p>\u00c9v\u00e9nements \u00e0 venir Des associations, des artistes et des conf\u00e9renciers utilisent le temple pour pr\u00e9senter leur production. Un programme vari\u00e9 vous est propos\u00e9 pour la saison 2025. Vous trouverez dans [&hellip;]<\/p>\n","protected":false},"author":1,"featured_media":0,"parent":0,"menu_order":0,"comment_status":"closed","ping_status":"closed","template":"","meta":{"site-sidebar-layout":"default","site-content-layout":"","ast-site-content-layout":"","site-content-style":"default","site-sidebar-style":"default","ast-global-header-display":"","ast-banner-title-visibility":"","ast-main-header-display":"","ast-hfb-above-header-display":"","ast-hfb-below-header-display":"","ast-hfb-mobile-header-display":"","site-post-title":"","ast-breadcrumbs-content":"","ast-featured-img":"","footer-sml-layout":"","theme-transparent-header-meta":"","adv-header-id-meta":"","stick-header-meta":"","header-above-stick-meta":"","header-main-stick-meta":"","header-below-stick-meta":"","astra-migrate-meta-layouts":"default","ast-page-background-enabled":"default","ast-page-background-meta":{"desktop":{"background-color":"var(--ast-global-color-4)","background-image":"","background-repeat":"repeat","background-position":"center center","background-size":"auto","background-attachment":"scroll","background-type":"","background-media":"","overlay-type":"","overlay-color":"","overlay-gradient":""},"tablet":{"background-color":"","background-image":"","background-repeat":"repeat","background-position":"center center","background-size":"auto","background-attachment":"scroll","background-type":"","background-media":"","overlay-type":"","overlay-color":"","overlay-gradient":""},"mobile":{"background-color":"","background-image":"","background-repeat":"repeat","background-position":"center center","background-size":"auto","background-attachment":"scroll","background-type":"","background-media":"","overlay-type":"","overlay-color":"","overlay-gradient":""}},"ast-content-background-meta":{"desktop":{"background-color":"var(--ast-global-color-5)","background-image":"","background-repeat":"repeat","background-position":"center center","background-size":"auto","background-attachment":"scroll","background-type":"","background-media":"","overlay-type":"","overlay-color":"","overlay-gradient":""},"tablet":{"background-color":"var(--ast-global-color-5)","background-image":"","background-repeat":"repeat","background-position":"center center","background-size":"auto","background-attachment":"scroll","background-type":"","background-media":"","overlay-type":"","overlay-color":"","overlay-gradient":""},"mobile":{"background-color":"var(--ast-global-color-5)","background-image":"","background-repeat":"repeat","background-position":"center center","background-size":"auto","background-attachment":"scroll","background-type":"","background-media":"","overlay-type":"","overlay-color":"","overlay-gradient":""}},"footnotes":""},"class_list":["post-227","page","type-page","status-publish","hentry"],"_links":{"self":[{"href":"https:\/\/espacefrossard.fr\/index.php?rest_route=\/wp\/v2\/pages\/227","targetHints":{"allow":["GET"]}}],"collection":[{"href":"https:\/\/espacefrossard.fr\/index.php?rest_route=\/wp\/v2\/pages"}],"about":[{"href":"https:\/\/espacefrossard.fr\/index.php?rest_route=\/wp\/v2\/types\/page"}],"author":[{"embeddable":true,"href":"https:\/\/espacefrossard.fr\/index.php?rest_route=\/wp\/v2\/users\/1"}],"replies":[{"embeddable":true,"href":"https:\/\/espacefrossard.fr\/index.php?rest_route=%2Fwp%2Fv2%2Fcomments&post=227"}],"version-history":[{"count":41,"href":"https:\/\/espacefrossard.fr\/index.php?rest_route=\/wp\/v2\/pages\/227\/revisions"}],"predecessor-version":[{"id":1068,"href":"https:\/\/espacefrossard.fr\/index.php?rest_route=\/wp\/v2\/pages\/227\/revisions\/1068"}],"wp:attachment":[{"href":"https:\/\/espacefrossard.fr\/index.php?rest_route=%2Fwp%2Fv2%2Fmedia&parent=227"}],"curies":[{"name":"wp","href":"https:\/\/api.w.org\/{rel}","templated":true}]}}