{"id":103,"date":"2023-11-11T19:46:11","date_gmt":"2023-11-11T18:46:11","guid":{"rendered":"https:\/\/espacefrossard.fr\/?page_id=103"},"modified":"2023-11-17T14:25:20","modified_gmt":"2023-11-17T13:25:20","slug":"renovation-du-patrimoine","status":"publish","type":"page","link":"https:\/\/espacefrossard.fr\/?page_id=103","title":{"rendered":"R\u00e9novation du patrimoine"},"content":{"rendered":"\t\t<div data-elementor-type=\"wp-page\" data-elementor-id=\"103\" class=\"elementor elementor-103\">\n\t\t\t\t<div class=\"elementor-element elementor-element-4206be61 e-flex e-con-boxed e-con e-parent\" data-id=\"4206be61\" data-element_type=\"container\" data-e-type=\"container\" data-settings=\"{&quot;background_background&quot;:&quot;classic&quot;}\">\n\t\t\t\t\t<div class=\"e-con-inner\">\n\t\t<div class=\"elementor-element elementor-element-6c601e85 e-flex e-con-boxed e-con e-child\" data-id=\"6c601e85\" data-element_type=\"container\" data-e-type=\"container\">\n\t\t\t\t\t<div class=\"e-con-inner\">\n\t\t\t\t<div class=\"elementor-element elementor-element-572c3311 animated-slow elementor-invisible elementor-widget elementor-widget-heading\" data-id=\"572c3311\" data-element_type=\"widget\" data-e-type=\"widget\" data-settings=\"{&quot;_animation&quot;:&quot;slideInUp&quot;}\" data-widget_type=\"heading.default\">\n\t\t\t\t<div class=\"elementor-widget-container\">\n\t\t\t\t\t<h2 class=\"elementor-heading-title elementor-size-default\">Trois travaux prioritaires \u00e0 pr\u00e9voir<\/h2>\t\t\t\t<\/div>\n\t\t\t\t<\/div>\n\t\t\t\t<div class=\"elementor-element elementor-element-3170ef6d animated-slow elementor-invisible elementor-widget elementor-widget-heading\" data-id=\"3170ef6d\" data-element_type=\"widget\" data-e-type=\"widget\" data-settings=\"{&quot;_animation&quot;:&quot;slideInUp&quot;}\" data-widget_type=\"heading.default\">\n\t\t\t\t<div class=\"elementor-widget-container\">\n\t\t\t\t\t<h2 class=\"elementor-heading-title elementor-size-default\">Un patrimoine a valoriser<\/h2>\t\t\t\t<\/div>\n\t\t\t\t<\/div>\n\t\t\t\t\t<\/div>\n\t\t\t\t<\/div>\n\t\t<div class=\"elementor-element elementor-element-38a145c9 e-con-full e-flex e-con e-child\" data-id=\"38a145c9\" data-element_type=\"container\" data-e-type=\"container\">\n\t\t<div class=\"elementor-element elementor-element-570d574c e-con-full e-flex e-con e-child\" data-id=\"570d574c\" data-element_type=\"container\" data-e-type=\"container\">\n\t\t\t\t<div class=\"elementor-element elementor-element-29ce4f12 elementor-widget elementor-widget-heading\" data-id=\"29ce4f12\" data-element_type=\"widget\" data-e-type=\"widget\" data-widget_type=\"heading.default\">\n\t\t\t\t<div class=\"elementor-widget-container\">\n\t\t\t\t\t<h3 class=\"elementor-heading-title elementor-size-default\">La boiserie des vitraux<\/h3>\t\t\t\t<\/div>\n\t\t\t\t<\/div>\n\t\t\t\t<div class=\"elementor-element elementor-element-69c95bb2 elementor-position-top elementor-widget elementor-widget-image-box\" data-id=\"69c95bb2\" data-element_type=\"widget\" data-e-type=\"widget\" data-widget_type=\"image-box.default\">\n\t\t\t\t<div class=\"elementor-widget-container\">\n\t\t\t\t\t<div class=\"elementor-image-box-wrapper\"><figure class=\"elementor-image-box-img\"><img fetchpriority=\"high\" decoding=\"async\" width=\"503\" height=\"378\" src=\"https:\/\/espacefrossard.fr\/wp-content\/uploads\/2023\/11\/Boiserie-3.jpg\" class=\"attachment-full size-full wp-image-110\" alt=\"\" srcset=\"https:\/\/espacefrossard.fr\/wp-content\/uploads\/2023\/11\/Boiserie-3.jpg 503w, https:\/\/espacefrossard.fr\/wp-content\/uploads\/2023\/11\/Boiserie-3-300x225.jpg 300w\" sizes=\"(max-width: 503px) 100vw, 503px\" \/><\/figure><div class=\"elementor-image-box-content\"><p class=\"elementor-image-box-description\">Les boiseries sont d'origine et l'humidit\u00e9 int\u00e9rieure et ext\u00e9rieure les fragilisent. Un travail de restauration doit \u00eatre envisag\u00e9 afin de ne pas fragiliser les vitraux eux-m\u00eame. <\/p><\/div><\/div>\t\t\t\t<\/div>\n\t\t\t\t<\/div>\n\t\t\t\t<\/div>\n\t\t<div class=\"elementor-element elementor-element-7cfcadba e-con-full e-flex e-con e-child\" data-id=\"7cfcadba\" data-element_type=\"container\" data-e-type=\"container\">\n\t\t\t\t<div class=\"elementor-element elementor-element-d2ee13d elementor-widget elementor-widget-heading\" data-id=\"d2ee13d\" data-element_type=\"widget\" data-e-type=\"widget\" data-widget_type=\"heading.default\">\n\t\t\t\t<div class=\"elementor-widget-container\">\n\t\t\t\t\t<h3 class=\"elementor-heading-title elementor-size-default\">le garde-corps de la galerie<\/h3>\t\t\t\t<\/div>\n\t\t\t\t<\/div>\n\t\t\t\t<div class=\"elementor-element elementor-element-77fee7f2 elementor-position-top elementor-widget elementor-widget-image-box\" data-id=\"77fee7f2\" data-element_type=\"widget\" data-e-type=\"widget\" data-widget_type=\"image-box.default\">\n\t\t\t\t<div class=\"elementor-widget-container\">\n\t\t\t\t\t<div class=\"elementor-image-box-wrapper\"><figure class=\"elementor-image-box-img\"><img decoding=\"async\" width=\"548\" height=\"378\" src=\"https:\/\/espacefrossard.fr\/wp-content\/uploads\/2023\/11\/garde-corps_3.jpg\" class=\"attachment-full size-full wp-image-109\" alt=\"\" srcset=\"https:\/\/espacefrossard.fr\/wp-content\/uploads\/2023\/11\/garde-corps_3.jpg 548w, https:\/\/espacefrossard.fr\/wp-content\/uploads\/2023\/11\/garde-corps_3-300x207.jpg 300w\" sizes=\"(max-width: 548px) 100vw, 548px\" \/><\/figure><div class=\"elementor-image-box-content\"><p class=\"elementor-image-box-description\">Dans l'imm\u00e9diat la galerie n'est pas accessible au public. Pour y parvenir, il est n\u00e9cessaire d'installer un garde-corps par dessus la rambarde actuelle. L'objectif est d'atteindre la hauteur r\u00e9glementaire de 1m. <\/p><\/div><\/div>\t\t\t\t<\/div>\n\t\t\t\t<\/div>\n\t\t\t\t<\/div>\n\t\t<div class=\"elementor-element elementor-element-61293e1 e-con-full e-flex e-con e-child\" data-id=\"61293e1\" data-element_type=\"container\" data-e-type=\"container\">\n\t\t\t\t<div class=\"elementor-element elementor-element-4e0f8612 elementor-widget elementor-widget-heading\" data-id=\"4e0f8612\" data-element_type=\"widget\" data-e-type=\"widget\" data-widget_type=\"heading.default\">\n\t\t\t\t<div class=\"elementor-widget-container\">\n\t\t\t\t\t<h3 class=\"elementor-heading-title elementor-size-default\">Les sanitaires A renover<\/h3>\t\t\t\t<\/div>\n\t\t\t\t<\/div>\n\t\t\t\t<div class=\"elementor-element elementor-element-74300c98 elementor-position-top elementor-widget elementor-widget-image-box\" data-id=\"74300c98\" data-element_type=\"widget\" data-e-type=\"widget\" data-widget_type=\"image-box.default\">\n\t\t\t\t<div class=\"elementor-widget-container\">\n\t\t\t\t\t<div class=\"elementor-image-box-wrapper\"><figure class=\"elementor-image-box-img\"><img decoding=\"async\" width=\"593\" height=\"398\" src=\"https:\/\/espacefrossard.fr\/wp-content\/uploads\/2023\/11\/lavabo-WC.png\" class=\"attachment-full size-full wp-image-108\" alt=\"\" srcset=\"https:\/\/espacefrossard.fr\/wp-content\/uploads\/2023\/11\/lavabo-WC.png 593w, https:\/\/espacefrossard.fr\/wp-content\/uploads\/2023\/11\/lavabo-WC-300x201.png 300w\" sizes=\"(max-width: 593px) 100vw, 593px\" \/><\/figure><div class=\"elementor-image-box-content\"><p class=\"elementor-image-box-description\">L'accueil du public n\u00e9cessite de moderniser les sanitaires. Il faut aussi penser \u00e0 l'accueil des personnes \u00e0 mobilit\u00e9 r\u00e9duite. Une cloison s\u00e9pare actuellement les WC du lavabo qui se trouve dans la salle de r\u00e9union. Il serait judicieux d'abattre celle-ci pour agrandir les sanitaires.<\/p><\/div><\/div>\t\t\t\t<\/div>\n\t\t\t\t<\/div>\n\t\t\t\t<\/div>\n\t\t\t\t<\/div>\n\t\t\t\t\t<\/div>\n\t\t\t\t<\/div>\n\t\t\t\t<\/div>\n\t\t","protected":false},"excerpt":{"rendered":"<p>Trois travaux prioritaires \u00e0 pr\u00e9voir Un patrimoine a valoriser La boiserie des vitraux Les boiseries sont d&#8217;origine et l&#8217;humidit\u00e9 int\u00e9rieure et ext\u00e9rieure les fragilisent. Un travail de restauration doit \u00eatre [&hellip;]<\/p>\n","protected":false},"author":1,"featured_media":0,"parent":0,"menu_order":0,"comment_status":"closed","ping_status":"closed","template":"","meta":{"site-sidebar-layout":"no-sidebar","site-content-layout":"","ast-site-content-layout":"full-width-container","site-content-style":"default","site-sidebar-style":"default","ast-global-header-display":"","ast-banner-title-visibility":"","ast-main-header-display":"","ast-hfb-above-header-display":"","ast-hfb-below-header-display":"","ast-hfb-mobile-header-display":"","site-post-title":"disabled","ast-breadcrumbs-content":"","ast-featured-img":"disabled","footer-sml-layout":"","ast-disable-related-posts":"","theme-transparent-header-meta":"","adv-header-id-meta":"","stick-header-meta":"","header-above-stick-meta":"","header-main-stick-meta":"","header-below-stick-meta":"","astra-migrate-meta-layouts":"default","ast-page-background-enabled":"default","ast-page-background-meta":{"desktop":{"background-color":"var(--ast-global-color-4)","background-image":"","background-repeat":"repeat","background-position":"center center","background-size":"auto","background-attachment":"scroll","background-type":"","background-media":"","overlay-type":"","overlay-color":"","overlay-opacity":"","overlay-gradient":""},"tablet":{"background-color":"","background-image":"","background-repeat":"repeat","background-position":"center center","background-size":"auto","background-attachment":"scroll","background-type":"","background-media":"","overlay-type":"","overlay-color":"","overlay-opacity":"","overlay-gradient":""},"mobile":{"background-color":"","background-image":"","background-repeat":"repeat","background-position":"center center","background-size":"auto","background-attachment":"scroll","background-type":"","background-media":"","overlay-type":"","overlay-color":"","overlay-opacity":"","overlay-gradient":""}},"ast-content-background-meta":{"desktop":{"background-color":"var(--ast-global-color-5)","background-image":"","background-repeat":"repeat","background-position":"center center","background-size":"auto","background-attachment":"scroll","background-type":"","background-media":"","overlay-type":"","overlay-color":"","overlay-opacity":"","overlay-gradient":""},"tablet":{"background-color":"var(--ast-global-color-5)","background-image":"","background-repeat":"repeat","background-position":"center center","background-size":"auto","background-attachment":"scroll","background-type":"","background-media":"","overlay-type":"","overlay-color":"","overlay-opacity":"","overlay-gradient":""},"mobile":{"background-color":"var(--ast-global-color-5)","background-image":"","background-repeat":"repeat","background-position":"center center","background-size":"auto","background-attachment":"scroll","background-type":"","background-media":"","overlay-type":"","overlay-color":"","overlay-opacity":"","overlay-gradient":""}},"footnotes":""},"class_list":["post-103","page","type-page","status-publish","hentry"],"_links":{"self":[{"href":"https:\/\/espacefrossard.fr\/index.php?rest_route=\/wp\/v2\/pages\/103","targetHints":{"allow":["GET"]}}],"collection":[{"href":"https:\/\/espacefrossard.fr\/index.php?rest_route=\/wp\/v2\/pages"}],"about":[{"href":"https:\/\/espacefrossard.fr\/index.php?rest_route=\/wp\/v2\/types\/page"}],"author":[{"embeddable":true,"href":"https:\/\/espacefrossard.fr\/index.php?rest_route=\/wp\/v2\/users\/1"}],"replies":[{"embeddable":true,"href":"https:\/\/espacefrossard.fr\/index.php?rest_route=%2Fwp%2Fv2%2Fcomments&post=103"}],"version-history":[{"count":11,"href":"https:\/\/espacefrossard.fr\/index.php?rest_route=\/wp\/v2\/pages\/103\/revisions"}],"predecessor-version":[{"id":208,"href":"https:\/\/espacefrossard.fr\/index.php?rest_route=\/wp\/v2\/pages\/103\/revisions\/208"}],"wp:attachment":[{"href":"https:\/\/espacefrossard.fr\/index.php?rest_route=%2Fwp%2Fv2%2Fmedia&parent=103"}],"curies":[{"name":"wp","href":"https:\/\/api.w.org\/{rel}","templated":true}]}}